{"id":144,"date":"2016-06-27T12:40:23","date_gmt":"2016-06-27T10:40:23","guid":{"rendered":"http:\/\/ambrus.aloldal.hu\/?page_id=144"},"modified":"2017-03-21T12:41:07","modified_gmt":"2017-03-21T11:41:07","slug":"olajos-magok-mogyorofelek-diofelek","status":"publish","type":"page","link":"https:\/\/ambrusexport.hu\/en\/termekeink\/olajos-magok-mogyorofelek-diofelek\/","title":{"rendered":"Oil seeds, nuts, nuts"},"content":{"rendered":"<h4 style=\"text-align: justify;\"><img loading=\"lazy\" class=\"alignleft wp-image-206\" src=\"\/wp-content\/uploads\/2016\/06\/magok.png\" alt=\"magok\" width=\"233\" height=\"233\" srcset=\"https:\/\/ambrusexport.hu\/wp-content\/uploads\/2016\/06\/magok.png 400w, https:\/\/ambrusexport.hu\/wp-content\/uploads\/2016\/06\/magok-150x150.png 150w, https:\/\/ambrusexport.hu\/wp-content\/uploads\/2016\/06\/magok-300x300.png 300w, https:\/\/ambrusexport.hu\/wp-content\/uploads\/2016\/06\/magok-146x146.png 146w, https:\/\/ambrusexport.hu\/wp-content\/uploads\/2016\/06\/magok-50x50.png 50w, https:\/\/ambrusexport.hu\/wp-content\/uploads\/2016\/06\/magok-75x75.png 75w, https:\/\/ambrusexport.hu\/wp-content\/uploads\/2016\/06\/magok-85x85.png 85w, https:\/\/ambrusexport.hu\/wp-content\/uploads\/2016\/06\/magok-80x80.png 80w\" sizes=\"(max-width: 233px) 100vw, 233px\" \/>We can deliver the seeds separately, but also in mixed pallets with the dried grains and cereals, pulses or delivered to the address of our customers.<\/h4>\n<p><strong>Csomagol\u00e1si m\u00e9retek :\u00a0 10 \u2013 25 kg k\u00f6z\u00f6tt.\u00a0<\/strong><\/p>\n<p>The economic quantity of each mixed batch of pallets varies from 600 to 900 kg, within which we can recommend the following seeds:<\/p>","protected":false},"excerpt":{"rendered":"<p>A magokat k\u00fcl\u00f6n-k\u00fcl\u00f6n is, de az aszalv\u00e1nyokkal \u00e9s gabonaf\u00e9l\u00e9kkel, h\u00fcvelyesekkel egy\u00fctt is tudjuk vegyesen \u00f6ssze\u00e1ll\u00edtott raklaponk\u00e9nt \u00e1tadni, vagy sz\u00e1ll\u00edtani megrendel\u0151ink c\u00edm\u00e9re. Csomagol\u00e1si m\u00e9retek :\u00a0 10 \u2013 [&hellip;]<\/p>","protected":false},"author":2,"featured_media":0,"parent":54,"menu_order":0,"comment_status":"closed","ping_status":"closed","template":"","meta":[],"_links":{"self":[{"href":"https:\/\/ambrusexport.hu\/en\/wp-json\/wp\/v2\/pages\/144"}],"collection":[{"href":"https:\/\/ambrusexport.hu\/en\/wp-json\/wp\/v2\/pages"}],"about":[{"href":"https:\/\/ambrusexport.hu\/en\/wp-json\/wp\/v2\/types\/page"}],"author":[{"embeddable":true,"href":"https:\/\/ambrusexport.hu\/en\/wp-json\/wp\/v2\/users\/2"}],"replies":[{"embeddable":true,"href":"https:\/\/ambrusexport.hu\/en\/wp-json\/wp\/v2\/comments?post=144"}],"version-history":[{"count":8,"href":"https:\/\/ambrusexport.hu\/en\/wp-json\/wp\/v2\/pages\/144\/revisions"}],"predecessor-version":[{"id":241,"href":"https:\/\/ambrusexport.hu\/en\/wp-json\/wp\/v2\/pages\/144\/revisions\/241"}],"up":[{"embeddable":true,"href":"https:\/\/ambrusexport.hu\/en\/wp-json\/wp\/v2\/pages\/54"}],"wp:attachment":[{"href":"https:\/\/ambrusexport.hu\/en\/wp-json\/wp\/v2\/media?parent=144"}],"curies":[{"name":"wp","href":"https:\/\/api.w.org\/{rel}","templated":true}]}}