{"id":146,"date":"2016-06-27T12:40:27","date_gmt":"2016-06-27T10:40:27","guid":{"rendered":"http:\/\/ambrus.aloldal.hu\/?page_id=146"},"modified":"2017-03-21T13:04:07","modified_gmt":"2017-03-21T12:04:07","slug":"gabonafelek-es-huvelyesek-kis-kiszerelesben","status":"publish","type":"page","link":"https:\/\/ambrusexport.hu\/en\/termekeink\/gabonafelek-es-huvelyesek-kis-kiszerelesben\/","title":{"rendered":"Cereals and pulses in small packs"},"content":{"rendered":"<p><img loading=\"lazy\" class=\"size-full wp-image-210 alignright\" src=\"\/wp-content\/uploads\/2016\/06\/Gabonafelek-kis-kiszerelesben.png\" alt=\"Gabonaf\u00e9l\u00e9k kis kiszerel\u00e9sben\" width=\"400\" height=\"400\" srcset=\"https:\/\/ambrusexport.hu\/wp-content\/uploads\/2016\/06\/Gabonafelek-kis-kiszerelesben.png 400w, https:\/\/ambrusexport.hu\/wp-content\/uploads\/2016\/06\/Gabonafelek-kis-kiszerelesben-150x150.png 150w, https:\/\/ambrusexport.hu\/wp-content\/uploads\/2016\/06\/Gabonafelek-kis-kiszerelesben-300x300.png 300w, https:\/\/ambrusexport.hu\/wp-content\/uploads\/2016\/06\/Gabonafelek-kis-kiszerelesben-146x146.png 146w, https:\/\/ambrusexport.hu\/wp-content\/uploads\/2016\/06\/Gabonafelek-kis-kiszerelesben-50x50.png 50w, https:\/\/ambrusexport.hu\/wp-content\/uploads\/2016\/06\/Gabonafelek-kis-kiszerelesben-75x75.png 75w, https:\/\/ambrusexport.hu\/wp-content\/uploads\/2016\/06\/Gabonafelek-kis-kiszerelesben-85x85.png 85w, https:\/\/ambrusexport.hu\/wp-content\/uploads\/2016\/06\/Gabonafelek-kis-kiszerelesben-80x80.png 80w\" sizes=\"(max-width: 400px) 100vw, 400px\" \/>Cereals and pulses can be delivered separately, but also together with seeds and dried grains, in mixed pallets or delivered to the address of our customers.<\/p>\n<p>The economical quantity of each mixed pallet meal is between 600 and 900 kg, within which we can recommend the following cereals and pulses:<\/p>\n<ul>\n<li>Cereals\n<ul>\n<li>millet<\/li>\n<li>buckwheat (hulled, broken, natural, stewed)<\/li>\n<li>hulled barley<\/li>\n<li>hulled spelt wheat<\/li>\n<li>quinoa (white, red, black)<\/li>\n<li>chia seeds<\/li>\n<li>bulgur<\/li>\n<li>kuszkusz<\/li>\n<\/ul>\n<\/li>\n<li>and flakes\n<ul>\n<li>millet flakes<\/li>\n<li>buckwheat flakes<\/li>\n<li>Barley flakes<\/li>\n<li>rye flakes<\/li>\n<li>oat flakes<\/li>\n<li>rice flakes<\/li>\n<\/ul>\n<\/li>\n<\/ul>\n<p><strong>They are thin:<\/strong><\/p>\n<p><strong>Babycats<\/strong><\/p>\n<ul>\n<li>spotted beans\n<ul>\n<li>Pinto<\/li>\n<li>Cranberry (Coco beans)<\/li>\n<li>LSKB<\/li>\n<li>Borlotti<\/li>\n<\/ul>\n<\/li>\n<li>white beans\n<ul>\n<li>pearl bean<\/li>\n<li>Navy beans<\/li>\n<li>Great Northern bab<\/li>\n<li>K\u00f6zepes feh\u00e9r bab<\/li>\n<li>Baby Lima<\/li>\n<li>Lima<\/li>\n<li>large salad bean<\/li>\n<li>Horse bean<\/li>\n<\/ul>\n<\/li>\n<li>red \/ brown beans\n<ul>\n<li>Dark red Kidney<\/li>\n<li>Light Red Kidney<\/li>\n<li>Adzuki<\/li>\n<li>Dutch brown beans<\/li>\n<\/ul>\n<\/li>\n<\/ul>\n<p><strong>Lenses<\/strong><\/p>\n<ul>\n<li>large eye lens\n<ul>\n<li>Laird<\/li>\n<li>Richlea<\/li>\n<li>Renka<\/li>\n<\/ul>\n<\/li>\n<li>small-eye and other lenses\n<ul>\n<li>Eston<\/li>\n<li>small-eyed Chinese type lens<\/li>\n<li>red lentils (whole and halved)<\/li>\n<li>black lens<\/li>\n<li>yellow lentils (shelled half)<\/li>\n<\/ul>\n<\/li>\n<\/ul>","protected":false},"excerpt":{"rendered":"<p>A gabonaf\u00e9l\u00e9ket \u00e9s h\u00fcvelyes term\u00e9keket k\u00fcl\u00f6n-k\u00fcl\u00f6n is, de magokkal \u00e9s aszalv\u00e1nyokkal egy\u00fctt is tudjuk vegyesen \u00f6ssze\u00e1ll\u00edtott raklaponk\u00e9nt \u00e1tadni, vagy sz\u00e1ll\u00edtani megrendel\u0151ink c\u00edm\u00e9re. Az egyes vegyesen \u00f6ssze\u00e1ll\u00edtott [&hellip;]<\/p>","protected":false},"author":2,"featured_media":0,"parent":54,"menu_order":0,"comment_status":"closed","ping_status":"closed","template":"","meta":[],"_links":{"self":[{"href":"https:\/\/ambrusexport.hu\/en\/wp-json\/wp\/v2\/pages\/146"}],"collection":[{"href":"https:\/\/ambrusexport.hu\/en\/wp-json\/wp\/v2\/pages"}],"about":[{"href":"https:\/\/ambrusexport.hu\/en\/wp-json\/wp\/v2\/types\/page"}],"author":[{"embeddable":true,"href":"https:\/\/ambrusexport.hu\/en\/wp-json\/wp\/v2\/users\/2"}],"replies":[{"embeddable":true,"href":"https:\/\/ambrusexport.hu\/en\/wp-json\/wp\/v2\/comments?post=146"}],"version-history":[{"count":7,"href":"https:\/\/ambrusexport.hu\/en\/wp-json\/wp\/v2\/pages\/146\/revisions"}],"predecessor-version":[{"id":245,"href":"https:\/\/ambrusexport.hu\/en\/wp-json\/wp\/v2\/pages\/146\/revisions\/245"}],"up":[{"embeddable":true,"href":"https:\/\/ambrusexport.hu\/en\/wp-json\/wp\/v2\/pages\/54"}],"wp:attachment":[{"href":"https:\/\/ambrusexport.hu\/en\/wp-json\/wp\/v2\/media?parent=146"}],"curies":[{"name":"wp","href":"https:\/\/api.w.org\/{rel}","templated":true}]}}